{"id":21,"date":"2017-11-28T20:09:17","date_gmt":"2017-11-28T22:09:17","guid":{"rendered":"https:\/\/labs.ignitions.com.br\/acsp\/?page_id=21"},"modified":"2018-07-20T18:55:27","modified_gmt":"2018-07-20T21:55:27","slug":"home","status":"publish","type":"page","link":"https:\/\/labs.ignitions.com.br\/acsp\/","title":{"rendered":"ACSP Labs"},"content":{"rendered":"<p>[vc_row][vc_column width=&#8221;1\/3&#8243;][vc_column_text]<\/p>\n<h3><span style=\"display: inline-block; vertical-align: middle; padding-right: 10px;\">[vc_icon type=&#8221;material&#8221; icon_material=&#8221;fa fa-info&#8221; color=&#8221;white&#8221; background_style=&#8221;rounded&#8221; background_color=&#8221;peacoc&#8221; size=&#8221;xs&#8221; css=&#8221;.vc_custom_1513286843332{margin-bottom: 0px !important;}&#8221;]<\/span> INFORMA\u00c7\u00d5ES<\/h3>\n<p>[\/vc_column_text][vc_empty_space height=&#8221;5px&#8221;][vc_row_inner][vc_column_inner width=&#8221;1\/6&#8243;][vc_icon type=&#8221;material&#8221; icon_material=&#8221;vc-material vc-material-room&#8221; color=&#8221;peacoc&#8221; size=&#8221;xs&#8221; align=&#8221;center&#8221; css=&#8221;.vc_custom_1513116914417{margin-bottom: 0px !important;}&#8221;][\/vc_column_inner][vc_column_inner width=&#8221;5\/6&#8243;][vc_column_text css_animation=&#8221;none&#8221; css=&#8221;.vc_custom_1513287383822{margin-bottom: 0px !important;}&#8221;]Rua Boa Vista, 51<br \/>\nCentro, S\u00e3o Paulo, SP<br \/>\nCep: 01014-911<br \/>\nBrasil[\/vc_column_text][\/vc_column_inner][\/vc_row_inner][vc_row_inner][vc_column_inner width=&#8221;1\/6&#8243;][vc_icon type=&#8221;material&#8221; icon_material=&#8221;vc-material vc-material-phone&#8221; color=&#8221;peacoc&#8221; size=&#8221;xs&#8221; align=&#8221;center&#8221; css=&#8221;.vc_custom_1513116776443{margin-bottom: 0px !important;}&#8221;][\/vc_column_inner][vc_column_inner width=&#8221;5\/6&#8243;][vc_column_text css=&#8221;.vc_custom_1513287397752{margin-bottom: 0px !important;}&#8221;]+55 11 5555-6666[\/vc_column_text][\/vc_column_inner][\/vc_row_inner][vc_row_inner][vc_column_inner width=&#8221;1\/6&#8243;][vc_icon type=&#8221;material&#8221; icon_material=&#8221;vc-material vc-material-public&#8221; color=&#8221;peacoc&#8221; size=&#8221;xs&#8221; align=&#8221;center&#8221; css=&#8221;.vc_custom_1513116784833{margin-bottom: 0px !important;padding-bottom: 0px !important;}&#8221;][\/vc_column_inner][vc_column_inner width=&#8221;5\/6&#8243;][vc_column_text css=&#8221;.vc_custom_1515689831401{margin-bottom: 0px !important;}&#8221;]<a href=\"http:\/\/acsp.com.br\/\" target=\"_blank\" rel=\"noopener\">http:\/\/www.acsp.com.br\/<\/a>[\/vc_column_text][\/vc_column_inner][\/vc_row_inner][vc_row_inner][vc_column_inner width=&#8221;1\/6&#8243;][vc_icon type=&#8221;material&#8221; icon_material=&#8221;vc-material vc-material-schedule&#8221; color=&#8221;peacoc&#8221; size=&#8221;xs&#8221; align=&#8221;center&#8221; css=&#8221;.vc_custom_1515606127805{margin-bottom: 0px !important;padding-bottom: 0px !important;}&#8221;][\/vc_column_inner][vc_column_inner width=&#8221;5\/6&#8243;][vc_column_text css=&#8221;.vc_custom_1515606285886{margin-bottom: 0px !important;}&#8221;]Funcionamento<br \/>\nSeg &#8211; Sex<br \/>\n08:00 &#8211; 18:00[\/vc_column_text][\/vc_column_inner][\/vc_row_inner][\/vc_column][vc_column width=&#8221;1\/3&#8243;][vc_column_text]<\/p>\n<h3><span style=\"display: inline-block; vertical-align: middle; padding-right: 10px;\">[vc_icon type=&#8221;material&#8221; icon_material=&#8221;vc-material vc-material-import_contacts&#8221; color=&#8221;white&#8221; background_style=&#8221;rounded&#8221; background_color=&#8221;peacoc&#8221; size=&#8221;xs&#8221; css=&#8221;.vc_custom_1513286843332{margin-bottom: 0px !important;}&#8221;]<\/span> ESPECIALIZA\u00c7\u00c3O<\/h3>\n<p>[\/vc_column_text][vc_empty_space height=&#8221;5px&#8221;][vc_column_text]<span style=\"color: #4cadc9;\">+<\/span>\u00a0Com\u00e9rcio<\/p>\n<p><span style=\"color: #4cadc9;\">+<\/span> Servi\u00e7o[\/vc_column_text][\/vc_column][vc_column width=&#8221;1\/3&#8243;][vc_column_text]<\/p>\n<h3 style=\"text-align: center;\">X<\/h3>\n<p style=\"text-align: center;\">Gera\u00e7\u00e3o<\/p>\n<p>[\/vc_column_text][vc_column_text]<\/p>\n<h3 style=\"text-align: center;\">0<\/h3>\n<p style=\"text-align: center;\">Startups<\/p>\n<p>[\/vc_column_text][vc_column_text]<\/p>\n<h3 style=\"text-align: center;\">0<\/h3>\n<p style=\"text-align: center;\">Clientes<\/p>\n<p>[\/vc_column_text][vc_column_text]<\/p>\n<h3 style=\"text-align: center;\">0%<\/h3>\n<p style=\"text-align: center;\">Crescimento anual<\/p>\n<p>[\/vc_column_text][\/vc_column][\/vc_row][vc_row][vc_column][vc_empty_space height=&#8221;30px&#8221;][vc_text_separator title=&#8221;SOBRE&#8221;][vc_empty_space height=&#8221;30px&#8221;][vc_row_inner][vc_column_inner width=&#8221;1\/2&#8243;][vc_empty_space height=&#8221;25px&#8221;][vc_single_image image=&#8221;129&#8243; img_size=&#8221;full&#8221;][\/vc_column_inner][vc_column_inner width=&#8221;1\/2&#8243;][vc_column_text]A Associa\u00e7\u00e3o Comercial de S\u00e3o Paulo, com o objetivo de incentivar o desenvolvimento de Startups disruptivas, inaugura o seu Ignitions Lab \u2013 ACSP para trazer ao mercado solu\u00e7\u00f5es que possam melhorar as atividades das empresas atuantes nos setores de servi\u00e7os e com\u00e9rcio.<\/p>\n<p>O espa\u00e7o conta com uma infraestrutura b\u00e1sica necess\u00e1ria para que Startups selecionadas sejam pr\u00e9-aceleradas durante 24 meses, permitindo seu desenvolvimento de forma \u00e1gil e sustent\u00e1vel.<\/p>\n<p>Durante todo o programa, as Startups contar\u00e3o com sess\u00f5es de counseling e palestras realizadas por empreendedores experientes e profissionais renomados do mercado, tudo de forma gratuita.[\/vc_column_text][\/vc_column_inner][\/vc_row_inner][vc_column_text]As Startups que conseguirem as melhores performances ser\u00e3o apresentadas a grandes players para que possam buscar tra\u00e7\u00e3o no mercado. Isso contribuir\u00e1 com a valida\u00e7\u00e3o da solu\u00e7\u00e3o de forma real junto a grandes clientes e permitir\u00e1 a revis\u00e3o dos processos e adapta\u00e7\u00e3o tecnol\u00f3gica para um modelo escal\u00e1vel.<\/p>\n<p>No DEMO DAY, as Startups ter\u00e3o a oportunidade de apresentar suas solu\u00e7\u00f5es para os mais de 30 mil associados que ser\u00e3o convidados para conhecerem as solu\u00e7\u00f5es pr\u00e9-aceleradas.<\/p>\n<p>J\u00e1 ao fim do processo de pr\u00e9-acelera\u00e7\u00e3o, as melhores Startups ser\u00e3o indicadas para aceleradoras e investidores-anjo para que possam juntos estudarem as melhores formas de aporte.[\/vc_column_text][\/vc_column][\/vc_row][vc_row][vc_column][vc_empty_space height=&#8221;30px&#8221;][vc_text_separator title=&#8221;INFRAESTRUTURA&#8221;][vc_empty_space height=&#8221;30px&#8221;][vc_row_inner][vc_column_inner width=&#8221;1\/4&#8243;][vc_single_image image=&#8221;131&#8243; img_size=&#8221;full&#8221; alignment=&#8221;center&#8221;][vc_column_text css=&#8221;.vc_custom_1515544480878{margin-top: 15px !important;margin-bottom: 0px !important;}&#8221;]<\/p>\n<h3 style=\"text-align: center;\">Esta\u00e7\u00e3o de trabalho<\/h3>\n<p>[\/vc_column_text][\/vc_column_inner][vc_column_inner width=&#8221;1\/4&#8243;][vc_single_image image=&#8221;132&#8243; img_size=&#8221;full&#8221; alignment=&#8221;center&#8221;][vc_column_text css=&#8221;.vc_custom_1515544585355{margin-top: 15px !important;margin-bottom: 0px !important;}&#8221;]<\/p>\n<h3 style=\"text-align: center;\">Sala de reuni\u00e3o<\/h3>\n<p>[\/vc_column_text][\/vc_column_inner][vc_column_inner width=&#8221;1\/4&#8243;][vc_single_image image=&#8221;134&#8243; img_size=&#8221;full&#8221; alignment=&#8221;center&#8221;][vc_column_text css=&#8221;.vc_custom_1515544571288{margin-top: 15px !important;margin-bottom: 0px !important;}&#8221;]<\/p>\n<h3 style=\"text-align: center;\">Internet<\/h3>\n<p>[\/vc_column_text][\/vc_column_inner][vc_column_inner width=&#8221;1\/4&#8243;][vc_single_image image=&#8221;139&#8243; img_size=&#8221;full&#8221; alignment=&#8221;center&#8221;][vc_column_text css=&#8221;.vc_custom_1515544577888{margin-top: 15px !important;margin-bottom: 0px !important;}&#8221;]<\/p>\n<h3 style=\"text-align: center;\">Recep\u00e7\u00e3o<\/h3>\n<p>[\/vc_column_text][\/vc_column_inner][\/vc_row_inner][vc_empty_space height=&#8221;30px&#8221;][\/vc_column][\/vc_row][vc_row][vc_column][vc_empty_space height=&#8221;30px&#8221;][vc_text_separator title=&#8221;RESPONS\u00c1VEIS&#8221;][vc_empty_space height=&#8221;30px&#8221;][\/vc_column][\/vc_row][vc_row][vc_column width=&#8221;1\/3&#8243;][vc_single_image image=&#8221;124&#8243; img_size=&#8221;full&#8221; qode_css_animation=&#8221;&#8221;][vc_column_text css=&#8221;.vc_custom_1522777496231{margin-top: 15px !important;margin-bottom: 0px !important;}&#8221;]<\/p>\n<h5>Luiz Alberto<\/h5>\n<p>[\/vc_column_text][vc_column_text css=&#8221;.vc_custom_1522777614964{margin-top: 0px !important;margin-bottom: 30px !important;}&#8221;]<\/p>\n<p style=\"margin: 0;\"><small>General\u00a0manager<\/small><\/p>\n<p>[\/vc_column_text][vc_separator type=&#8221;normal&#8221; up=&#8221;26&#8243; down=&#8221;22&#8243; css=&#8221;.vc_custom_1513291565481{margin-top: 10px !important;margin-bottom: 10px !important;}&#8221;][vc_icon icon_fontawesome=&#8221;fa fa-linkedin-square&#8221; size=&#8221;xs&#8221; align=&#8221;center&#8221; link=&#8221;url:%23||target:%20_blank|&#8221; el_class=&#8221;horz-align&#8221;][vc_icon icon_fontawesome=&#8221;fa fa-facebook-official&#8221; size=&#8221;xs&#8221; align=&#8221;center&#8221; link=&#8221;url:%23||target:%20_blank|&#8221; el_class=&#8221;horz-align&#8221;][vc_icon icon_fontawesome=&#8221;fa fa-envelope&#8221; size=&#8221;xs&#8221; align=&#8221;center&#8221; link=&#8221;url:mailto%3A%20dcentro%40acsp.com.br||target:%20_blank|&#8221; el_class=&#8221;horz-align&#8221;][vc_empty_space height=&#8221;44px&#8221;][\/vc_column][vc_column width=&#8221;1\/3&#8243;][vc_single_image image=&#8221;123&#8243; img_size=&#8221;full&#8221; qode_css_animation=&#8221;&#8221;][vc_column_text css=&#8221;.vc_custom_1522777527198{margin-top: 15px !important;margin-bottom: 0px !important;}&#8221;]<\/p>\n<h5>Bruno Rall<\/h5>\n<p>[\/vc_column_text][vc_column_text css=&#8221;.vc_custom_1522777597479{margin-top: 0px !important;margin-bottom: 30px !important;}&#8221;]<\/p>\n<p style=\"margin: 0;\"><small>General\u00a0manager<\/small><\/p>\n<p>[\/vc_column_text][vc_separator type=&#8221;normal&#8221; up=&#8221;26&#8243; down=&#8221;22&#8243; css=&#8221;.vc_custom_1513291565481{margin-top: 10px !important;margin-bottom: 10px !important;}&#8221;][vc_icon icon_fontawesome=&#8221;fa fa-linkedin-square&#8221; size=&#8221;xs&#8221; align=&#8221;center&#8221; link=&#8221;url:https%3A%2F%2Fwww.linkedin.com%2Fin%2Fbrunorall%2F||target:%20_blank|&#8221; el_class=&#8221;horz-align&#8221;][vc_icon icon_fontawesome=&#8221;fa fa-facebook-official&#8221; size=&#8221;xs&#8221; align=&#8221;center&#8221; link=&#8221;url:https%3A%2F%2Fwww.facebook.com%2Fbnrall.bruno.rall||target:%20_blank|&#8221; el_class=&#8221;horz-align&#8221;][vc_icon icon_fontawesome=&#8221;fa fa-envelope&#8221; size=&#8221;xs&#8221; align=&#8221;center&#8221; link=&#8221;url:mailto%3Abnrall%40gmail.com||target:%20_blank|&#8221; el_class=&#8221;horz-align&#8221;][vc_empty_space height=&#8221;44px&#8221;][\/vc_column][vc_column width=&#8221;1\/3&#8243;][vc_single_image image=&#8221;140&#8243; img_size=&#8221;full&#8221; qode_css_animation=&#8221;&#8221;][vc_column_text css=&#8221;.vc_custom_1522777538914{margin-top: 15px !important;margin-bottom: 0px !important;}&#8221;]<\/p>\n<h5>Wagner Marcelo<\/h5>\n<p>[\/vc_column_text][vc_column_text css=&#8221;.vc_custom_1522777572558{margin-top: 0px !important;margin-bottom: 30px !important;}&#8221;]<\/p>\n<p style=\"margin: 0;\"><small>Representante Ignitions<\/small><\/p>\n<p>[\/vc_column_text][vc_separator type=&#8221;normal&#8221; up=&#8221;26&#8243; down=&#8221;22&#8243; css=&#8221;.vc_custom_1513291565481{margin-top: 10px !important;margin-bottom: 10px !important;}&#8221;][vc_icon icon_fontawesome=&#8221;fa fa-linkedin-square&#8221; size=&#8221;xs&#8221; align=&#8221;center&#8221; link=&#8221;url:https%3A%2F%2Fwww.linkedin.com%2Fin%2Fwagner3m%2F||target:%20_blank|&#8221; el_class=&#8221;horz-align&#8221;][vc_icon icon_fontawesome=&#8221;fa fa-facebook-official&#8221; size=&#8221;xs&#8221; align=&#8221;center&#8221; link=&#8221;url:https%3A%2F%2Fwww.facebook.com%2Fwagner3m||target:%20_blank|&#8221; el_class=&#8221;horz-align&#8221;][vc_icon icon_fontawesome=&#8221;fa fa-envelope&#8221; size=&#8221;xs&#8221; align=&#8221;center&#8221; link=&#8221;url:mailto%3Apresidente%40ignitions.com.br||target:%20_blank|&#8221; el_class=&#8221;horz-align&#8221;][vc_empty_space height=&#8221;44px&#8221;][\/vc_column][\/vc_row][vc_row][vc_column][vc_empty_space height=&#8221;30px&#8221;][vc_text_separator title=&#8221;FA\u00c7A PARTE&#8221;][vc_empty_space height=&#8221;30px&#8221;][vc_row_inner][vc_column_inner width=&#8221;1\/2&#8243;][vc_single_image image=&#8221;178&#8243; img_size=&#8221;full&#8221; alignment=&#8221;center&#8221;][\/vc_column_inner][vc_column_inner width=&#8221;1\/2&#8243;][vc_raw_html]JTNDZGl2JTIwY2xhc3MlM0QlMjJldGFwYXMlMjIlM0UlMDklMEElMDklM0NzcGFuJTIwc3R5bGUlM0QlMjJiYWNrZ3JvdW5kJTNBJTIzOTViYzExJTNCJTIyJTNFMDElM0MlMkZzcGFuJTNFJTBBJTA5JTNDc3BhbiUzRUluc2NyZXZhLXNlJTNDJTJGc3BhbiUzRSUwQSUzQyUyRmRpdiUzRSUwQSUwQSUzQ2RpdiUyMGNsYXNzJTNEJTIyZXRhcGFzJTIyJTNFJTA5JTBBJTA5JTNDc3BhbiUyMHN0eWxlJTNEJTIyYmFja2dyb3VuZCUzQSUyMzM4YmJlOSUzQiUyMiUzRTAyJTNDJTJGc3BhbiUzRSUwQSUwOSUzQ3NwYW4lM0VBcHJlc2VudGUlMjBzdWElMjBzb2x1JUMzJUE3JUMzJUEzbyUyMG5vJTIwV2VsY29tZSUyMEFib2FyZCUyMHBhcmElMjBjb252aWRhZG9zJTIwc2VsZXRvcyUzQyUyRnNwYW4lM0UlMEElM0MlMkZkaXYlM0UlMEElMEElM0NkaXYlMjBjbGFzcyUzRCUyMmV0YXBhcyUyMiUzRSUwOSUwQSUwOSUzQ3NwYW4lMjBzdHlsZSUzRCUyMmJhY2tncm91bmQlM0ElMjMyZjk5YzElM0IlMjIlM0UwMyUzQyUyRnNwYW4lM0UlMEElMDklM0NzcGFuJTNFU2VqYSUyMHByJUMzJUE5LWFjZWxlcmFkbyUyMGR1cmFudGUlMjAyNCUyMG1lc2VzJTNDJTJGc3BhbiUzRSUwQSUzQyUyRmRpdiUzRSUwQSUwQSUzQ2RpdiUyMGNsYXNzJTNEJTIyZXRhcGFzJTIyJTNFJTA5JTBBJTA5JTNDc3BhbiUyMHN0eWxlJTNEJTIyYmFja2dyb3VuZCUzQSUyMzI2Nzc5YSUzQiUyMiUzRTA0JTNDJTJGc3BhbiUzRSUwQSUwOSUzQ3NwYW4lM0VDb250ZSUyMGNvbSUyMHNlc3MlQzMlQjVlcyUyMGRlJTIwQ291bnNlbGluZyUyMGUlMjBQYWxlc3RyYXMlMjByZWFsaXphZGFzJTIwcG9yJTIwZW1wcmVlbmRlZG9yZXMlMjBleHBlcmllbnRlcyUyMGUlMjBwcm9maXNzaW9uYWlzJTIwcmVub21hZG9zJTIwZG8lMjBtZXJjYWRvLiUzQyUyRnNwYW4lM0UlMEElM0MlMkZkaXYlM0UlMEElMEElM0NkaXYlMjBjbGFzcyUzRCUyMmV0YXBhcyUyMiUzRSUwOSUwQSUwOSUzQ3NwYW4lMjBzdHlsZSUzRCUyMmJhY2tncm91bmQlM0ElMjNmNGEyNTQlM0IlMjIlM0UwNSUzQyUyRnNwYW4lM0UlMEElMDklM0NzcGFuJTNFQXByZXNlbnRlJTIwc3VhJTIwc29sdSVDMyVBNyVDMyVBM28lMjBubyUyMERlbW9EYXklMjBwYXJhJTIwbyUyMG1lcmNhZG8lM0MlMkZzcGFuJTNFJTBBJTNDJTJGZGl2JTNFJTBBJTBBJTNDZGl2JTIwY2xhc3MlM0QlMjJldGFwYXMlMjIlM0UlMDklMEElMDklM0NzcGFuJTIwc3R5bGUlM0QlMjJiYWNrZ3JvdW5kJTNBJTIzZjRiMjUzJTNCJTIyJTNFMDYlM0MlMkZzcGFuJTNFJTBBJTA5JTNDc3BhbiUzRUFjZXNzZSUyMGdyYW5kZXMlMjBjbGllbnRlcyUyMGVzdHJhdCVDMyVBOWdpY29zJTNDJTJGc3BhbiUzRSUwQSUzQyUyRmRpdiUzRSUwQSUwQSUzQ2RpdiUyMGNsYXNzJTNEJTIyZXRhcGFzJTIyJTNFJTA5JTBBJTA5JTNDc3BhbiUyMHN0eWxlJTNEJTIyYmFja2dyb3VuZCUzQSUyM2Y0YzI1MyUzQiUyMiUzRTA3JTNDJTJGc3BhbiUzRSUwQSUwOSUzQ3NwYW4lM0VDYXB0ZSUyMHJlY3Vyc29zJTIwanVudG8lMjBhJTIwaW5zdGl0dWklQzMlQTclQzMlQjVlcyUyMGRlJTIwZm9tZW50byUzQyUyRnNwYW4lM0UlMEElM0MlMkZkaXYlM0UlMEElMEElM0NkaXYlMjBjbGFzcyUzRCUyMmV0YXBhcyUyMiUzRSUwOSUwQSUwOSUzQ3NwYW4lMjBzdHlsZSUzRCUyMmJhY2tncm91bmQlM0ElMjNmNGQyNTMlM0IlMjIlM0UwOCUzQyUyRnNwYW4lM0UlMEElMDklM0NzcGFuJTNFU2VqYSUyMGFwcmVzZW50YWRvJTIwYSUyMGFjZWxlcmFkb3JhcyUyMGUlMjBpbnZlc3RpZG9yZXMtYW5qbyUzQyUyRnNwYW4lM0UlMEElM0MlMkZkaXYlM0U=[\/vc_raw_html][\/vc_column_inner][\/vc_row_inner][vc_empty_space height=&#8221;60px&#8221;][vc_custom_heading text=&#8221;FIQUE ATENTO \u00c0 <strong>PR\u00d3XIMA ABERTURA DO EDITAL<\/strong>&#8221; font_container=&#8221;tag:h2|font_size:30|text_align:center&#8221; google_fonts=&#8221;font_family:Open%20Sans%3A300%2C300italic%2Cregular%2Citalic%2C600%2C600italic%2C700%2C700italic%2C800%2C800italic|font_style:300%20light%20regular%3A300%3Anormal&#8221;][vc_btn title=&#8221;INSCREVA SUA STARTUP AQUI&#8221; color=&#8221;primary&#8221; size=&#8221;lg&#8221; align=&#8221;center&#8221; link=&#8221;url:https%3A%2F%2Flabs.ignitions.com.br%2Facsp%2Finscreva-se%2F|||&#8221;][vc_empty_space height=&#8221;44px&#8221;][\/vc_column][\/vc_row][vc_row][vc_column][vc_empty_space height=&#8221;30px&#8221;][vc_text_separator title=&#8221;STARTUPS&#8221;][vc_empty_space height=&#8221;30px&#8221;][vc_row_inner][vc_column_inner width=&#8221;1\/4&#8243;][vc_single_image img_size=&#8221;full&#8221; alignment=&#8221;center&#8221; onclick=&#8221;link_image&#8221;][\/vc_column_inner][vc_column_inner width=&#8221;1\/4&#8243;][vc_single_image img_size=&#8221;full&#8221; alignment=&#8221;center&#8221; onclick=&#8221;link_image&#8221;][\/vc_column_inner][vc_column_inner width=&#8221;1\/4&#8243;][vc_single_image img_size=&#8221;full&#8221; alignment=&#8221;center&#8221; onclick=&#8221;link_image&#8221;][\/vc_column_inner][vc_column_inner width=&#8221;1\/4&#8243;][vc_single_image img_size=&#8221;full&#8221; alignment=&#8221;center&#8221; onclick=&#8221;link_image&#8221;][\/vc_column_inner][\/vc_row_inner][vc_empty_space height=&#8221;30px&#8221;][\/vc_column][\/vc_row][vc_row][vc_column][vc_empty_space height=&#8221;30px&#8221;][vc_text_separator title=&#8221;BLOG&#8221;][vc_empty_space height=&#8221;30px&#8221;][vc_basic_grid post_type=&#8221;post&#8221; max_items=&#8221;3&#8243; initial_loading_animation=&#8221;none&#8221; grid_id=&#8221;vc_gid:1532123152137-d679653c-b3fc-6&#8243;][\/vc_column][\/vc_row][vc_row][vc_column][vc_empty_space height=&#8221;30px&#8221;][vc_text_separator title=&#8221;APOIO&#8221;][vc_empty_space height=&#8221;30px&#8221;][vc_row_inner][vc_column_inner width=&#8221;1\/4&#8243;][vc_single_image image=&#8221;210&#8243; img_size=&#8221;full&#8221; alignment=&#8221;center&#8221; onclick=&#8221;custom_link&#8221; img_link_target=&#8221;_blank&#8221; link=&#8221;http:\/\/accurateadvice.com.br\/&#8221;][vc_single_image image=&#8221;207&#8243; img_size=&#8221;full&#8221; alignment=&#8221;center&#8221; onclick=&#8221;custom_link&#8221; img_link_target=&#8221;_blank&#8221; link=&#8221;https:\/\/startups.microsoft.com\/en-us\/&#8221;][\/vc_column_inner][vc_column_inner width=&#8221;1\/4&#8243;][vc_single_image image=&#8221;203&#8243; img_size=&#8221;full&#8221; alignment=&#8221;center&#8221; onclick=&#8221;custom_link&#8221; img_link_target=&#8221;_blank&#8221; link=&#8221;https:\/\/aws.amazon.com\/&#8221;][vc_single_image image=&#8221;208&#8243; img_size=&#8221;full&#8221; alignment=&#8221;center&#8221; onclick=&#8221;custom_link&#8221; img_link_target=&#8221;_blank&#8221; link=&#8221;https:\/\/paypal.com&#8221;][\/vc_column_inner][vc_column_inner width=&#8221;1\/4&#8243;][vc_single_image image=&#8221;204&#8243; img_size=&#8221;full&#8221; alignment=&#8221;center&#8221; onclick=&#8221;custom_link&#8221; img_link_target=&#8221;_blank&#8221; link=&#8221;https:\/\/www.facebook.com\/culturaempreendedora\/&#8221;][vc_single_image image=&#8221;206&#8243; img_size=&#8221;full&#8221; alignment=&#8221;center&#8221; onclick=&#8221;custom_link&#8221; img_link_target=&#8221;_blank&#8221; link=&#8221;http:\/\/madeinsampa.com\/&#8221;][\/vc_column_inner][vc_column_inner width=&#8221;1\/4&#8243;][vc_single_image image=&#8221;205&#8243; img_size=&#8221;full&#8221; alignment=&#8221;center&#8221; onclick=&#8221;custom_link&#8221; img_link_target=&#8221;_blank&#8221; link=&#8221;https:\/\/developer.ibm.com\/startups\/&#8221;][vc_single_image image=&#8221;209&#8243; img_size=&#8221;full&#8221; alignment=&#8221;center&#8221; onclick=&#8221;custom_link&#8221; img_link_target=&#8221;_blank&#8221; link=&#8221;https:\/\/uolhost.uol.com.br\/&#8221;][\/vc_column_inner][\/vc_row_inner][vc_empty_space height=&#8221;30px&#8221;][\/vc_column][\/vc_row]<\/p>\n","protected":false},"excerpt":{"rendered":"<p>[vc_row][vc_column width=&#8221;1\/3&#8243;][vc_column_text] [vc_icon type=&#8221;material&#8221; icon_material=&#8221;fa fa-info&#8221; color=&#8221;white&#8221; background_style=&#8221;rounded&#8221; background_color=&#8221;peacoc&#8221; size=&#8221;xs&#8221; css=&#8221;.vc_custom_1513286843332{margin-bottom: 0px !important;}&#8221;] INFORMA\u00c7\u00d5ES [\/vc_column_text][vc_empty_space height=&#8221;5px&#8221;][vc_row_inner][vc_column_inner width=&#8221;1\/6&#8243;][vc_icon type=&#8221;material&#8221; icon_material=&#8221;vc-material vc-material-room&#8221;&hellip;<\/p>\n","protected":false},"author":1,"featured_media":0,"parent":0,"menu_order":0,"comment_status":"closed","ping_status":"closed","template":"","meta":[],"_links":{"self":[{"href":"https:\/\/labs.ignitions.com.br\/acsp\/wp-json\/wp\/v2\/pages\/21"}],"collection":[{"href":"https:\/\/labs.ignitions.com.br\/acsp\/wp-json\/wp\/v2\/pages"}],"about":[{"href":"https:\/\/labs.ignitions.com.br\/acsp\/wp-json\/wp\/v2\/types\/page"}],"author":[{"embeddable":true,"href":"https:\/\/labs.ignitions.com.br\/acsp\/wp-json\/wp\/v2\/users\/1"}],"replies":[{"embeddable":true,"href":"https:\/\/labs.ignitions.com.br\/acsp\/wp-json\/wp\/v2\/comments?post=21"}],"version-history":[{"count":39,"href":"https:\/\/labs.ignitions.com.br\/acsp\/wp-json\/wp\/v2\/pages\/21\/revisions"}],"predecessor-version":[{"id":211,"href":"https:\/\/labs.ignitions.com.br\/acsp\/wp-json\/wp\/v2\/pages\/21\/revisions\/211"}],"wp:attachment":[{"href":"https:\/\/labs.ignitions.com.br\/acsp\/wp-json\/wp\/v2\/media?parent=21"}],"curies":[{"name":"wp","href":"https:\/\/api.w.org\/{rel}","templated":true}]}}