{"id":39,"date":"2017-12-11T20:01:01","date_gmt":"2017-12-11T22:01:01","guid":{"rendered":"https:\/\/labs.ignitions.com.br\/acsp\/?page_id=39"},"modified":"2018-07-19T19:32:14","modified_gmt":"2018-07-19T22:32:14","slug":"regulamento","status":"publish","type":"page","link":"https:\/\/labs.ignitions.com.br\/acsp\/regulamento\/","title":{"rendered":"Regulamento"},"content":{"rendered":"<p>[vc_row][vc_column][vc_column_text]<\/p>\n<h2><span style=\"display: inline-block; vertical-align: middle; padding-right: 10px;\">[vc_icon type=&#8221;fontawesome&#8221; icon_fontawesome=&#8221;fa fa-check&#8221; color=&#8221;white&#8221; background_style=&#8221;rounded&#8221; background_color=&#8221;peacoc&#8221; size=&#8221;xs&#8221; css=&#8221;.vc_custom_1513286843332{margin-bottom: 0px !important;}&#8221;]<\/span>Sele\u00e7\u00e3o das startups<\/h2>\n<p>[\/vc_column_text][vc_separator][vc_column_text]<\/p>\n<h3><strong>a.<\/strong> Pr\u00e9-requisitos<\/h3>\n<p><strong>a1.<\/strong> Ter no m\u00e1ximo 3 (tr\u00eas) membros;<br \/>\n<strong>a2.<\/strong> Estar alinhada com a especializa\u00e7\u00e3o do Lab;<br \/>\n<strong>a3.<\/strong> Todos os membros dever\u00e3o residir na cidade do Lab.<\/p>\n<h3><strong>b.<\/strong> Inscri\u00e7\u00f5es<\/h3>\n<p>As inscri\u00e7\u00f5es ser\u00e3o disponibilizados no site do Labs e ficar\u00e3o abertos por 30 (trinta) dias para a submiss\u00e3o dos projetos;<\/p>\n<h3><strong>c.<\/strong> Prazo<\/h3>\n<p>Ap\u00f3s o encerramento do prazo de submiss\u00e3o os selecionados ser\u00e3o divulgados em at\u00e9 14 (quatorze) dias no site do Labs .<\/p>\n<h3>d. Fases da avalia\u00e7\u00e3o<\/h3>\n<p><em><strong>Fase 1.<\/strong><\/em> Dever\u00e1 ser composto por 3 membros sendo 2 (dois) representante da organiza\u00e7\u00e3o SEDE e 1 (um) representante do IGNITIONS Inc.<br \/>\n<em><strong>Fase 2.<\/strong><\/em> Ser\u00e1 composto por 2 (dois) representantes, sendo 1 (um) da organiza\u00e7\u00e3o SEDE e 1 (um) do IGNITIONS Inc.<\/p>\n<h3>e. Crit\u00e9rios de avalia\u00e7\u00e3o<\/h3>\n<p><em><strong>Fase 1 (um)<\/strong><\/em><\/p>\n<ol>\n<li><strong>Disrup\u00e7\u00e3o<\/strong> &#8211; Dever\u00e1 ser avaliado o qu\u00e3o a Startup \u00e9 disruptiva;<\/li>\n<li><strong>Viabilidade<\/strong> &#8211; O projeto dever\u00e1 ser desenvolvido em 12 (doze)meses e os membros devem possuir expertise para o desenvolvimento;<\/li>\n<li><strong>Escalabilidade<\/strong> &#8211; Al\u00e9m de ser vi\u00e1vel o projeto dever\u00e1 ser escal\u00e1vel, ou seja potencial de atua\u00e7\u00e3o global;<\/li>\n<li><strong>Time<\/strong> &#8211; O time dever\u00e1 ser interdisciplinar e possuir expertise para o desenvolvimento da Startup.<\/li>\n<\/ol>\n<p><em><strong>Fase 2 (dois)<\/strong><\/em><\/p>\n<p>Ser\u00e3o avaliadas nessa fase apenas 2 (dois) requisitos, sendo eles:<\/p>\n<ol>\n<li><strong>PITCH<\/strong> &#8211; 3 min<\/li>\n<li><strong>Entrevista<\/strong> &#8211; 7 min<\/li>\n<\/ol>\n<p>Em caso de empate um diretores da IGNITIONS Inc. ser\u00e1 convidado para realizar o voto de minerva.<\/p>\n<h3>f. Resultado final<\/h3>\n<p>O resultado final ser\u00e1 publicado no site do Labs em at\u00e9 7 (sete) dias[\/vc_column_text][vc_empty_space height=&#8221;15px&#8221;][vc_column_text]<\/p>\n<h2><span style=\"display: inline-block; vertical-align: middle; padding-right: 10px;\">[vc_icon type=&#8221;fontawesome&#8221; icon_fontawesome=&#8221;fa fa-calculator&#8221; color=&#8221;white&#8221; background_style=&#8221;rounded&#8221; background_color=&#8221;peacoc&#8221; size=&#8221;xs&#8221; css=&#8221;.vc_custom_1513286843332{margin-bottom: 0px !important;}&#8221;]<\/span>Atribui\u00e7\u00f5es das avalia\u00e7\u00f5es<\/h2>\n<p>[\/vc_column_text][vc_separator][vc_column_text]Em grau de satisfa\u00e7\u00e3o:<br \/>\n0 (zero) insatisfat\u00f3rio;<br \/>\n1 (um) bom;<br \/>\n2 (dois) regular;<br \/>\n3 (tr\u00eas) satisfat\u00f3rio.<\/p>\n<p>A nota ser\u00e1 calculada somando todos os pontos da Fase 1 + Fase 2 tendo o m\u00e1ximo de 21 pontos.[\/vc_column_text][vc_empty_space height=&#8221;15px&#8221;][vc_column_text]<\/p>\n<h2><span style=\"display: inline-block; vertical-align: middle; padding-right: 10px;\">[vc_icon type=&#8221;fontawesome&#8221; icon_fontawesome=&#8221;fa fa-pie-chart&#8221; color=&#8221;white&#8221; background_style=&#8221;rounded&#8221; background_color=&#8221;peacoc&#8221; size=&#8221;xs&#8221; css=&#8221;.vc_custom_1513286843332{margin-bottom: 0px !important;}&#8221;]<\/span>Escala Ignitions<\/h2>\n<p>[\/vc_column_text][vc_separator][vc_column_text]de 0 \u00e0 7 = Sub-Orbital<\/p>\n<p>de 7 \u00e0 14 = Orbital<\/p>\n<p>de 14 \u00e0 21 = Espacial[\/vc_column_text][\/vc_column][\/vc_row]<\/p>\n","protected":false},"excerpt":{"rendered":"<p>[vc_row][vc_column][vc_column_text] [vc_icon type=&#8221;fontawesome&#8221; icon_fontawesome=&#8221;fa fa-check&#8221; color=&#8221;white&#8221; background_style=&#8221;rounded&#8221; background_color=&#8221;peacoc&#8221; size=&#8221;xs&#8221; css=&#8221;.vc_custom_1513286843332{margin-bottom: 0px !important;}&#8221;]Sele\u00e7\u00e3o das startups [\/vc_column_text][vc_separator][vc_column_text] a. Pr\u00e9-requisitos a1. Ter no&hellip;<\/p>\n","protected":false},"author":1,"featured_media":0,"parent":0,"menu_order":0,"comment_status":"closed","ping_status":"closed","template":"","meta":[],"_links":{"self":[{"href":"https:\/\/labs.ignitions.com.br\/acsp\/wp-json\/wp\/v2\/pages\/39"}],"collection":[{"href":"https:\/\/labs.ignitions.com.br\/acsp\/wp-json\/wp\/v2\/pages"}],"about":[{"href":"https:\/\/labs.ignitions.com.br\/acsp\/wp-json\/wp\/v2\/types\/page"}],"author":[{"embeddable":true,"href":"https:\/\/labs.ignitions.com.br\/acsp\/wp-json\/wp\/v2\/users\/1"}],"replies":[{"embeddable":true,"href":"https:\/\/labs.ignitions.com.br\/acsp\/wp-json\/wp\/v2\/comments?post=39"}],"version-history":[{"count":9,"href":"https:\/\/labs.ignitions.com.br\/acsp\/wp-json\/wp\/v2\/pages\/39\/revisions"}],"predecessor-version":[{"id":192,"href":"https:\/\/labs.ignitions.com.br\/acsp\/wp-json\/wp\/v2\/pages\/39\/revisions\/192"}],"wp:attachment":[{"href":"https:\/\/labs.ignitions.com.br\/acsp\/wp-json\/wp\/v2\/media?parent=39"}],"curies":[{"name":"wp","href":"https:\/\/api.w.org\/{rel}","templated":true}]}}