{"id":75,"date":"2017-12-12T00:17:07","date_gmt":"2017-12-12T02:17:07","guid":{"rendered":"https:\/\/labs.ignitions.com.br\/acsp\/?page_id=75"},"modified":"2018-01-11T09:25:01","modified_gmt":"2018-01-11T11:25:01","slug":"inscreva-se","status":"publish","type":"page","link":"https:\/\/labs.ignitions.com.br\/acsp\/inscreva-se\/","title":{"rendered":"Inscreva-se"},"content":{"rendered":"<p>[vc_row][vc_column]<div role=\"form\" class=\"wpcf7\" id=\"wpcf7-f157-o1\" lang=\"pt-BR\" dir=\"ltr\">\n<div class=\"screen-reader-response\"><p role=\"status\" aria-live=\"polite\" aria-atomic=\"true\"><\/p> <ul><\/ul><\/div>\n<form action=\"\/acsp\/wp-json\/wp\/v2\/pages\/75#wpcf7-f157-o1\" method=\"post\" class=\"wpcf7-form init\" novalidate=\"novalidate\" data-status=\"init\">\n<div style=\"display: none;\">\n<input type=\"hidden\" name=\"_wpcf7\" value=\"157\" \/>\n<input type=\"hidden\" name=\"_wpcf7_version\" value=\"5.5.6\" \/>\n<input type=\"hidden\" name=\"_wpcf7_locale\" value=\"pt_BR\" \/>\n<input type=\"hidden\" name=\"_wpcf7_unit_tag\" value=\"wpcf7-f157-o1\" \/>\n<input type=\"hidden\" name=\"_wpcf7_container_post\" value=\"0\" \/>\n<input type=\"hidden\" name=\"_wpcf7_posted_data_hash\" value=\"\" \/>\n<\/div>\n<div class=\"startup-form\">\n<h3>DADOS DO PROJETO<\/h3>\n<div>\n\t<label>Setor<\/label><br \/>\n\t<span class=\"wpcf7-form-control-wrap startup-setor\"><span class=\"wpcf7-form-control wpcf7-radio\"><span class=\"wpcf7-list-item first\"><label><input type=\"radio\" name=\"startup-setor\" value=\"Servi\u00e7o\" checked=\"checked\" \/><span class=\"wpcf7-list-item-label\">Servi\u00e7o<\/span><\/label><\/span><span class=\"wpcf7-list-item last\"><label><input type=\"radio\" name=\"startup-setor\" value=\"Com\u00e9rcio\" \/><span class=\"wpcf7-list-item-label\">Com\u00e9rcio<\/span><\/label><\/span><\/span><\/span>\n<\/div>\n<div>\n\t<label>Nome da Startup<\/label><br \/>\n\t<span class=\"wpcf7-form-control-wrap startup-nome\"><input type=\"text\" name=\"startup-nome\" value=\"\" size=\"40\" class=\"wpcf7-form-control wpcf7-text wpcf7-validates-as-required\" aria-required=\"true\" aria-invalid=\"false\" placeholder=\"Digite o nome de sua Startup\" \/><\/span>\n<\/div>\n<div>\n\t<label>Email para contato<\/label><br \/>\n\t<span class=\"wpcf7-form-control-wrap startup-email\"><input type=\"email\" name=\"startup-email\" value=\"\" size=\"40\" class=\"wpcf7-form-control wpcf7-text wpcf7-email wpcf7-validates-as-required wpcf7-validates-as-email\" aria-required=\"true\" aria-invalid=\"false\" placeholder=\"email@email.com\" \/><\/span>\n<\/div>\n<div>\n\t<label>Celular com Whatsapp<\/label><br \/>\n\t<span class=\"wpcf7-form-control-wrap startup-tel\"><input type=\"tel\" name=\"startup-tel\" value=\"\" size=\"40\" class=\"wpcf7-form-control wpcf7-text wpcf7-tel wpcf7-validates-as-required wpcf7-validates-as-tel\" aria-required=\"true\" aria-invalid=\"false\" placeholder=\"11 95555-5555\" \/><\/span>\n<\/div>\n<div>\n\t<label>Qual o endere\u00e7o do site?<\/label><br \/>\n\t<span class=\"wpcf7-form-control-wrap startup-website\"><input type=\"text\" name=\"startup-website\" value=\"\" size=\"40\" class=\"wpcf7-form-control wpcf7-text\" aria-invalid=\"false\" placeholder=\"Digite a url do seu site\" \/><\/span>\n<\/div>\n<div>\n\t<label>Descreva seu empreendimento<\/label><br \/>\n\t<span class=\"wpcf7-form-control-wrap startup-descricao\"><textarea name=\"startup-descricao\" cols=\"40\" rows=\"10\" class=\"wpcf7-form-control wpcf7-textarea wpcf7-validates-as-required\" aria-required=\"true\" aria-invalid=\"false\" placeholder=\"Descreva seu empreendimento\"><\/textarea><\/span>\n<\/div>\n<div>\n\t<label>J\u00e1 est\u00e1 em opera\u00e7\u00e3o?<\/label><br \/>\n\t<span class=\"wpcf7-form-control-wrap startup-operacao\"><span class=\"wpcf7-form-control wpcf7-radio\"><span class=\"wpcf7-list-item first\"><label><input type=\"radio\" name=\"startup-operacao\" value=\"Sim\" checked=\"checked\" \/><span class=\"wpcf7-list-item-label\">Sim<\/span><\/label><\/span><span class=\"wpcf7-list-item last\"><label><input type=\"radio\" name=\"startup-operacao\" value=\"N\u00e3o\" \/><span class=\"wpcf7-list-item-label\">N\u00e3o<\/span><\/label><\/span><\/span><\/span>\n<\/div>\n<div>\n\t<label>Se j\u00e1 est\u00e1 em opera\u00e7\u00e3o, qual a atual situa\u00e7\u00e3o?<\/label><br \/>\n\t<span class=\"wpcf7-form-control-wrap startup-operacao2\"><span class=\"wpcf7-form-control wpcf7-radio\"><span class=\"wpcf7-list-item first\"><label><input type=\"radio\" name=\"startup-operacao2\" value=\"Formalmente\" checked=\"checked\" \/><span class=\"wpcf7-list-item-label\">Formalmente<\/span><\/label><\/span><span class=\"wpcf7-list-item last\"><label><input type=\"radio\" name=\"startup-operacao2\" value=\"Informalmente\" \/><span class=\"wpcf7-list-item-label\">Informalmente<\/span><\/label><\/span><\/span><\/span><br \/>\n\t<small>Obs. Consideramos Formalmente startups que j\u00e1 possuam um CNPJ.<\/small>\n<\/div>\n<div>\n\t<label>Qual o n\u00famero total de clientes?<\/label><br \/>\n\t<span class=\"wpcf7-form-control-wrap startup-total-clientes\"><input type=\"text\" name=\"startup-total-clientes\" value=\"\" size=\"40\" class=\"wpcf7-form-control wpcf7-text wpcf7-validates-as-required\" aria-required=\"true\" aria-invalid=\"false\" placeholder=\"--\" \/><\/span>\n<\/div>\n<p><br><br><\/p>\n<h3>QUEM S\u00c3O OS COMPONENTES DO TIME?<\/h3>\n<h4><i>Primeiro componente<\/i><\/h4>\n<div>\n\t<label>Nome:<\/label><br \/>\n\t<span class=\"wpcf7-form-control-wrap startup-comp1-nome\"><input type=\"text\" name=\"startup-comp1-nome\" value=\"\" size=\"40\" class=\"wpcf7-form-control wpcf7-text wpcf7-validates-as-required\" aria-required=\"true\" aria-invalid=\"false\" placeholder=\"Nome do Primeiro componente\" \/><\/span>\n<\/div>\n<div>\n\t<label>Digite o endere\u00e7o do perfil no Linkedin:<\/label><br \/>\n\t<span class=\"wpcf7-form-control-wrap startup-comp1-linkedin\"><input type=\"text\" name=\"startup-comp1-linkedin\" value=\"\" size=\"40\" class=\"wpcf7-form-control wpcf7-text wpcf7-validates-as-required\" aria-required=\"true\" aria-invalid=\"false\" placeholder=\"Perfil do Primeiro componente\" \/><\/span>\n<\/div>\n<div>\n\t<label>Qual a dedica\u00e7\u00e3o no empreendimento?<\/label><br \/>\n\t<span class=\"wpcf7-form-control-wrap startup-comp1-dedicacao\"><span class=\"wpcf7-form-control wpcf7-radio\"><span class=\"wpcf7-list-item first\"><label><input type=\"radio\" name=\"startup-comp1-dedicacao\" value=\"Parcial\" checked=\"checked\" \/><span class=\"wpcf7-list-item-label\">Parcial<\/span><\/label><\/span><span class=\"wpcf7-list-item last\"><label><input type=\"radio\" name=\"startup-comp1-dedicacao\" value=\"Integral\" \/><span class=\"wpcf7-list-item-label\">Integral<\/span><\/label><\/span><\/span><\/span>\n<\/div>\n<div>\n\t<label>Esse \u00e9 o primeiro empreendimento?<\/label><br \/>\n\t<span class=\"wpcf7-form-control-wrap startup-comp1-empreendimento\"><span class=\"wpcf7-form-control wpcf7-radio\"><span class=\"wpcf7-list-item first\"><label><input type=\"radio\" name=\"startup-comp1-empreendimento\" value=\"Sim\" checked=\"checked\" \/><span class=\"wpcf7-list-item-label\">Sim<\/span><\/label><\/span><span class=\"wpcf7-list-item last\"><label><input type=\"radio\" name=\"startup-comp1-empreendimento\" value=\"N\u00e3o\" \/><span class=\"wpcf7-list-item-label\">N\u00e3o<\/span><\/label><\/span><\/span><\/span>\n<\/div>\n<div>\n\t<label>Caso tenha respondido \"N\u00e3o\" na resposta acima liste abaixo suas experi\u00eancias anteriores:<\/label><br \/>\n\t<span class=\"wpcf7-form-control-wrap startup-comp1-experiencia\"><textarea name=\"startup-comp1-experiencia\" cols=\"40\" rows=\"10\" class=\"wpcf7-form-control wpcf7-textarea wpcf7-validates-as-required\" aria-required=\"true\" aria-invalid=\"false\" placeholder=\"Loren ipsum dolor sit amet\"><\/textarea><\/span>\n<\/div>\n<div>\n\t<label>Qual o rendimento m\u00e9dio?<\/label><br \/>\n\t<span class=\"wpcf7-form-control-wrap startup-comp1-rendimento\"><span class=\"wpcf7-form-control wpcf7-radio\"><span class=\"wpcf7-list-item first\"><label><input type=\"radio\" name=\"startup-comp1-rendimento\" value=\"1\" checked=\"checked\" \/><span class=\"wpcf7-list-item-label\">1<\/span><\/label><\/span><span class=\"wpcf7-list-item\"><label><input type=\"radio\" name=\"startup-comp1-rendimento\" value=\"2\" \/><span class=\"wpcf7-list-item-label\">2<\/span><\/label><\/span><span class=\"wpcf7-list-item\"><label><input type=\"radio\" name=\"startup-comp1-rendimento\" value=\"4\" \/><span class=\"wpcf7-list-item-label\">4<\/span><\/label><\/span><span class=\"wpcf7-list-item\"><label><input type=\"radio\" name=\"startup-comp1-rendimento\" value=\"8\" \/><span class=\"wpcf7-list-item-label\">8<\/span><\/label><\/span><span class=\"wpcf7-list-item\"><label><input type=\"radio\" name=\"startup-comp1-rendimento\" value=\"16\" \/><span class=\"wpcf7-list-item-label\">16<\/span><\/label><\/span><span class=\"wpcf7-list-item last\"><label><input type=\"radio\" name=\"startup-comp1-rendimento\" value=\"Superior\" \/><span class=\"wpcf7-list-item-label\">Superior<\/span><\/label><\/span><\/span><\/span><br \/>\n\t<small>Leva-se em considera\u00e7\u00e3o para c\u00e1lculo do rendimento m\u00e9dio o valor atual do sal\u00e1rio m\u00ednimo de R$ 965,00<\/small>\n<\/div>\n<h4><i>Segundo componente<\/i><\/h4>\n<div>\n\t<label>Nome:<\/label><br \/>\n\t<span class=\"wpcf7-form-control-wrap startup-comp2-nome\"><input type=\"text\" name=\"startup-comp2-nome\" value=\"\" size=\"40\" class=\"wpcf7-form-control wpcf7-text\" aria-invalid=\"false\" placeholder=\"Nome do Segundo componente\" \/><\/span>\n<\/div>\n<div>\n\t<label>Digite o endere\u00e7o do perfil no Linkedin:<\/label><br \/>\n\t<span class=\"wpcf7-form-control-wrap startup-comp2-linkedin\"><input type=\"text\" name=\"startup-comp2-linkedin\" value=\"\" size=\"40\" class=\"wpcf7-form-control wpcf7-text\" aria-invalid=\"false\" placeholder=\"Perfil do Segundo componente\" \/><\/span>\n<\/div>\n<div>\n\t<label>Qual a dedica\u00e7\u00e3o no empreendimento?<\/label><br \/>\n\t<span class=\"wpcf7-form-control-wrap startup-comp2-dedicacao\"><span class=\"wpcf7-form-control wpcf7-radio\"><span class=\"wpcf7-list-item first\"><label><input type=\"radio\" name=\"startup-comp2-dedicacao\" value=\"Parcial\" checked=\"checked\" \/><span class=\"wpcf7-list-item-label\">Parcial<\/span><\/label><\/span><span class=\"wpcf7-list-item last\"><label><input type=\"radio\" name=\"startup-comp2-dedicacao\" value=\"Integral\" \/><span class=\"wpcf7-list-item-label\">Integral<\/span><\/label><\/span><\/span><\/span>\n<\/div>\n<div>\n\t<label>Esse \u00e9 o primeiro empreendimento?<\/label><br \/>\n\t<span class=\"wpcf7-form-control-wrap startup-comp2-empreendimento\"><span class=\"wpcf7-form-control wpcf7-radio\"><span class=\"wpcf7-list-item first\"><label><input type=\"radio\" name=\"startup-comp2-empreendimento\" value=\"Sim\" checked=\"checked\" \/><span class=\"wpcf7-list-item-label\">Sim<\/span><\/label><\/span><span class=\"wpcf7-list-item last\"><label><input type=\"radio\" name=\"startup-comp2-empreendimento\" value=\"N\u00e3o\" \/><span class=\"wpcf7-list-item-label\">N\u00e3o<\/span><\/label><\/span><\/span><\/span>\n<\/div>\n<div>\n\t<label>Caso tenha respondido \"N\u00e3o\" na resposta acima liste abaixo suas experi\u00eancias anteriores:<\/label><br \/>\n\t<span class=\"wpcf7-form-control-wrap startup-comp2-experiencia\"><textarea name=\"startup-comp2-experiencia\" cols=\"40\" rows=\"10\" class=\"wpcf7-form-control wpcf7-textarea\" aria-invalid=\"false\" placeholder=\"Loren ipsum dolor sit amet\"><\/textarea><\/span>\n<\/div>\n<div>\n\t<label>Qual o rendimento m\u00e9dio?<\/label><br \/>\n\t<span class=\"wpcf7-form-control-wrap startup-comp2-rendimento\"><span class=\"wpcf7-form-control wpcf7-radio\"><span class=\"wpcf7-list-item first\"><label><input type=\"radio\" name=\"startup-comp2-rendimento\" value=\"1\" checked=\"checked\" \/><span class=\"wpcf7-list-item-label\">1<\/span><\/label><\/span><span class=\"wpcf7-list-item\"><label><input type=\"radio\" name=\"startup-comp2-rendimento\" value=\"2\" \/><span class=\"wpcf7-list-item-label\">2<\/span><\/label><\/span><span class=\"wpcf7-list-item\"><label><input type=\"radio\" name=\"startup-comp2-rendimento\" value=\"4\" \/><span class=\"wpcf7-list-item-label\">4<\/span><\/label><\/span><span class=\"wpcf7-list-item\"><label><input type=\"radio\" name=\"startup-comp2-rendimento\" value=\"8\" \/><span class=\"wpcf7-list-item-label\">8<\/span><\/label><\/span><span class=\"wpcf7-list-item\"><label><input type=\"radio\" name=\"startup-comp2-rendimento\" value=\"16\" \/><span class=\"wpcf7-list-item-label\">16<\/span><\/label><\/span><span class=\"wpcf7-list-item last\"><label><input type=\"radio\" name=\"startup-comp2-rendimento\" value=\"Superior\" \/><span class=\"wpcf7-list-item-label\">Superior<\/span><\/label><\/span><\/span><\/span><br \/>\n\t<small>Leva-se em considera\u00e7\u00e3o para c\u00e1lculo do rendimento m\u00e9dio o valor atual do sal\u00e1rio m\u00ednimo de R$ 965,00<\/small>\n<\/div>\n<h4><i>Terceiro componente<\/i><\/h4>\n<div>\n\t<label>Nome:<\/label><br \/>\n\t<span class=\"wpcf7-form-control-wrap startup-comp3-nome\"><input type=\"text\" name=\"startup-comp3-nome\" value=\"\" size=\"40\" class=\"wpcf7-form-control wpcf7-text\" aria-invalid=\"false\" placeholder=\"Nome do Terceiro componente\" \/><\/span>\n<\/div>\n<div>\n\t<label>Digite o endere\u00e7o do perfil no Linkedin:<\/label><br \/>\n\t<span class=\"wpcf7-form-control-wrap startup-comp3-linkedin\"><input type=\"text\" name=\"startup-comp3-linkedin\" value=\"\" size=\"40\" class=\"wpcf7-form-control wpcf7-text\" aria-invalid=\"false\" placeholder=\"Perfil do Terceiro componente\" \/><\/span>\n<\/div>\n<div>\n\t<label>Qual a dedica\u00e7\u00e3o no empreendimento?<\/label><br \/>\n\t<span class=\"wpcf7-form-control-wrap startup-comp3-dedicacao\"><span class=\"wpcf7-form-control wpcf7-radio\"><span class=\"wpcf7-list-item first\"><label><input type=\"radio\" name=\"startup-comp3-dedicacao\" value=\"Parcial\" checked=\"checked\" \/><span class=\"wpcf7-list-item-label\">Parcial<\/span><\/label><\/span><span class=\"wpcf7-list-item last\"><label><input type=\"radio\" name=\"startup-comp3-dedicacao\" value=\"Integral\" \/><span class=\"wpcf7-list-item-label\">Integral<\/span><\/label><\/span><\/span><\/span>\n<\/div>\n<div>\n\t<label>Esse \u00e9 o primeiro empreendimento?<\/label><br \/>\n\t<span class=\"wpcf7-form-control-wrap startup-comp3-empreendimento\"><span class=\"wpcf7-form-control wpcf7-radio\"><span class=\"wpcf7-list-item first\"><label><input type=\"radio\" name=\"startup-comp3-empreendimento\" value=\"Sim\" checked=\"checked\" \/><span class=\"wpcf7-list-item-label\">Sim<\/span><\/label><\/span><span class=\"wpcf7-list-item last\"><label><input type=\"radio\" name=\"startup-comp3-empreendimento\" value=\"N\u00e3o\" \/><span class=\"wpcf7-list-item-label\">N\u00e3o<\/span><\/label><\/span><\/span><\/span>\n<\/div>\n<div>\n\t<label>Caso tenha respondido \"N\u00e3o\" na resposta acima liste abaixo suas experi\u00eancias anteriores:<\/label><br \/>\n\t<span class=\"wpcf7-form-control-wrap startup-comp3-experiencia\"><textarea name=\"startup-comp3-experiencia\" cols=\"40\" rows=\"10\" class=\"wpcf7-form-control wpcf7-textarea\" aria-invalid=\"false\" placeholder=\"Loren ipsum dolor sit amet\"><\/textarea><\/span>\n<\/div>\n<div>\n\t<label>Qual o rendimento m\u00e9dio?<\/label><br \/>\n\t<span class=\"wpcf7-form-control-wrap startup-comp3-rendimento\"><span class=\"wpcf7-form-control wpcf7-radio\"><span class=\"wpcf7-list-item first\"><label><input type=\"radio\" name=\"startup-comp3-rendimento\" value=\"1\" checked=\"checked\" \/><span class=\"wpcf7-list-item-label\">1<\/span><\/label><\/span><span class=\"wpcf7-list-item\"><label><input type=\"radio\" name=\"startup-comp3-rendimento\" value=\"2\" \/><span class=\"wpcf7-list-item-label\">2<\/span><\/label><\/span><span class=\"wpcf7-list-item\"><label><input type=\"radio\" name=\"startup-comp3-rendimento\" value=\"4\" \/><span class=\"wpcf7-list-item-label\">4<\/span><\/label><\/span><span class=\"wpcf7-list-item\"><label><input type=\"radio\" name=\"startup-comp3-rendimento\" value=\"8\" \/><span class=\"wpcf7-list-item-label\">8<\/span><\/label><\/span><span class=\"wpcf7-list-item\"><label><input type=\"radio\" name=\"startup-comp3-rendimento\" value=\"16\" \/><span class=\"wpcf7-list-item-label\">16<\/span><\/label><\/span><span class=\"wpcf7-list-item last\"><label><input type=\"radio\" name=\"startup-comp3-rendimento\" value=\"Superior\" \/><span class=\"wpcf7-list-item-label\">Superior<\/span><\/label><\/span><\/span><\/span><br \/>\n\t<small>Leva-se em considera\u00e7\u00e3o para c\u00e1lculo do rendimento m\u00e9dio o valor atual do sal\u00e1rio m\u00ednimo de R$ 965,00<\/small>\n<\/div>\n<p><br><br><\/p>\n<hr>\n<p>[recaptcha]<\/p>\n<p><input type=\"submit\" value=\"Inscrever-se\" class=\"wpcf7-form-control has-spinner wpcf7-submit\" \/><\/p>\n<\/div>\n<p style=\"display: none !important;\"><label>&#916;<textarea name=\"_wpcf7_ak_hp_textarea\" cols=\"45\" rows=\"8\" maxlength=\"100\"><\/textarea><\/label><input type=\"hidden\" id=\"ak_js_1\" name=\"_wpcf7_ak_js\" value=\"247\"\/><script>document.getElementById( \"ak_js_1\" ).setAttribute( \"value\", ( new Date() ).getTime() );<\/script><\/p><div class=\"wpcf7-response-output\" aria-hidden=\"true\"><\/div><\/form><\/div>[\/vc_column][\/vc_row]<\/p>\n","protected":false},"excerpt":{"rendered":"<p>[vc_row][vc_column][\/vc_column][\/vc_row]<\/p>\n","protected":false},"author":1,"featured_media":0,"parent":0,"menu_order":0,"comment_status":"closed","ping_status":"closed","template":"","meta":[],"_links":{"self":[{"href":"https:\/\/labs.ignitions.com.br\/acsp\/wp-json\/wp\/v2\/pages\/75"}],"collection":[{"href":"https:\/\/labs.ignitions.com.br\/acsp\/wp-json\/wp\/v2\/pages"}],"about":[{"href":"https:\/\/labs.ignitions.com.br\/acsp\/wp-json\/wp\/v2\/types\/page"}],"author":[{"embeddable":true,"href":"https:\/\/labs.ignitions.com.br\/acsp\/wp-json\/wp\/v2\/users\/1"}],"replies":[{"embeddable":true,"href":"https:\/\/labs.ignitions.com.br\/acsp\/wp-json\/wp\/v2\/comments?post=75"}],"version-history":[{"count":2,"href":"https:\/\/labs.ignitions.com.br\/acsp\/wp-json\/wp\/v2\/pages\/75\/revisions"}],"predecessor-version":[{"id":158,"href":"https:\/\/labs.ignitions.com.br\/acsp\/wp-json\/wp\/v2\/pages\/75\/revisions\/158"}],"wp:attachment":[{"href":"https:\/\/labs.ignitions.com.br\/acsp\/wp-json\/wp\/v2\/media?parent=75"}],"curies":[{"name":"wp","href":"https:\/\/api.w.org\/{rel}","templated":true}]}}